{"id":221,"date":"2023-09-12T23:48:06","date_gmt":"2023-09-12T23:48:06","guid":{"rendered":"https:\/\/amtransport.weblicious.io\/?page_id=221"},"modified":"2023-09-14T00:48:27","modified_gmt":"2023-09-14T00:48:27","slug":"om-foretaget","status":"publish","type":"page","link":"https:\/\/amtransport.se\/?page_id=221","title":{"rendered":"Om f\u00f6retaget"},"content":{"rendered":"\t\t<div data-elementor-type=\"wp-page\" data-elementor-id=\"221\" class=\"elementor elementor-221\" data-elementor-post-type=\"page\">\n\t\t\t\t\t\t<section class=\"elementor-section elementor-top-section elementor-element elementor-element-2c7a7f0c elementor-section-height-min-height elementor-section-boxed elementor-section-height-default elementor-section-items-middle\" data-id=\"2c7a7f0c\" data-element_type=\"section\" data-e-type=\"section\" data-settings=\"{&quot;jet_parallax_layout_list&quot;:[],&quot;background_background&quot;:&quot;classic&quot;,&quot;shape_divider_bottom&quot;:&quot;opacity-tilt&quot;}\">\n\t\t\t\t\t\t\t<div class=\"elementor-background-overlay\"><\/div>\n\t\t\t\t\t\t<div class=\"elementor-shape elementor-shape-bottom\" aria-hidden=\"true\" data-negative=\"false\">\n\t\t\t<svg xmlns=\"http:\/\/www.w3.org\/2000\/svg\" viewBox=\"0 0 2600 131.1\" preserveAspectRatio=\"none\">\n\t<path class=\"elementor-shape-fill\" d=\"M0 0L2600 0 2600 69.1 0 0z\"\/>\n\t<path class=\"elementor-shape-fill\" style=\"opacity:0.5\" d=\"M0 0L2600 0 2600 69.1 0 69.1z\"\/>\n\t<path class=\"elementor-shape-fill\" style=\"opacity:0.25\" d=\"M2600 0L0 0 0 130.1 2600 69.1z\"\/>\n<\/svg>\t\t<\/div>\n\t\t\t\t\t<div class=\"elementor-container elementor-column-gap-default\">\n\t\t\t\t\t<div class=\"elementor-column elementor-col-100 elementor-top-column elementor-element elementor-element-40bec23d\" data-id=\"40bec23d\" data-element_type=\"column\" data-e-type=\"column\">\n\t\t\t<div class=\"elementor-widget-wrap elementor-element-populated\">\n\t\t\t\t\t\t<div class=\"elementor-element elementor-element-42bdd256 elementor-widget elementor-widget-heading\" data-id=\"42bdd256\" data-element_type=\"widget\" data-e-type=\"widget\" data-widget_type=\"heading.default\">\n\t\t\t\t<div class=\"elementor-widget-container\">\n\t\t\t\t\t<h1 class=\"elementor-heading-title elementor-size-default\">Om f\u00f6retaget<\/h1>\t\t\t\t<\/div>\n\t\t\t\t<\/div>\n\t\t\t\t\t<\/div>\n\t\t<\/div>\n\t\t\t\t\t<\/div>\n\t\t<\/section>\n\t\t\t\t<section class=\"elementor-section elementor-top-section elementor-element elementor-element-d36e7fd elementor-section-boxed elementor-section-height-default elementor-section-height-default\" data-id=\"d36e7fd\" data-element_type=\"section\" data-e-type=\"section\" data-settings=\"{&quot;jet_parallax_layout_list&quot;:[]}\">\n\t\t\t\t\t\t<div class=\"elementor-container elementor-column-gap-default\">\n\t\t\t\t\t<div class=\"elementor-column elementor-col-100 elementor-top-column elementor-element elementor-element-3efe219\" data-id=\"3efe219\" data-element_type=\"column\" data-e-type=\"column\">\n\t\t\t<div class=\"elementor-widget-wrap elementor-element-populated\">\n\t\t\t\t\t\t<div class=\"elementor-element elementor-element-23ee67f elementor-widget elementor-widget-heading\" data-id=\"23ee67f\" data-element_type=\"widget\" data-e-type=\"widget\" data-widget_type=\"heading.default\">\n\t\t\t\t<div class=\"elementor-widget-container\">\n\t\t\t\t\t<h3 class=\"elementor-heading-title elementor-size-default\">Arboga Milj\u00f6transport AB<\/h3>\t\t\t\t<\/div>\n\t\t\t\t<\/div>\n\t\t\t\t<div class=\"elementor-element elementor-element-3571940 elementor-widget elementor-widget-text-editor\" data-id=\"3571940\" data-element_type=\"widget\" data-e-type=\"widget\" data-widget_type=\"text-editor.default\">\n\t\t\t\t<div class=\"elementor-widget-container\">\n\t\t\t\t\t\t\t\t\t<p>Det \u00e4r med stolthet vi ser tillbaka p\u00e5 Arboga Milj\u00f6transports 34 \u00e5r i branschen. Vi har k\u00e4mpat p\u00e5, det har inte alltid varit l\u00e4tt, men vi har lyckats skapa n\u00e5got riktigt bra inom v\u00e5rt omr\u00e5de.<\/p><p>F\u00f6retaget startades 1977 av Seppo Kuusenaho och drevs under namnet Arboga Slamsug som enskild firma.<\/p><p>\u00c5r 1987 ombildades f\u00f6retaget till Arboga Slamsug AB och 1996 \u00e4ndrades namnet till Arboga Milj\u00f6transport AB. Verksamheten fick d\u00e4rmed en mer industriell inriktning och kan idag i huvudsak delas in i tv\u00e5 huvudomr\u00e5den:<\/p><ul><li>Tank och containertransporter av farligt avfall \u00e5t industrin, b\u00e5de lokalt och fj\u00e4rrtransporter.<\/li><li>Saneringsarbeten \u00e5t industrier, kommuner och privatpersoner.<\/li><\/ul><p>\u00a0<\/p><p>Idag st\u00e5r vi stadigt som ett komplett \u00e5kerif\u00f6retag med centralt l\u00e4ge i mellersta Sverige. Vi har skapat v\u00e5r nisch p\u00e5 marknaden genom att m\u00e5lmedvetet satsa p\u00e5 kundn\u00f6jdhet och genom att vara en komplett partner som st\u00e5r f\u00f6r helhetsl\u00f6sningar. Med v\u00e5ra 8 tankbilar och v\u00e5r breda erfarenhet har vi en stor f\u00f6rst\u00e5else och kunskap om \u00e5keribranschen, d\u00e4r v\u00e5rt motto \u00e4r att alltid kunna svara \u201dVi l\u00f6ser det.\u201d Framf\u00f6rallt handlar det om att alltid s\u00e4tta kunden i fokus och l\u00f6sa ett uppdrag hur om\u00f6jligt det \u00e4n till en b\u00f6rjan ser ut att vara.<\/p><p>V\u00e5rt f\u00f6retagskoncept skulle inte vara m\u00f6jligt utan v\u00e5ra fantastiska medarbetare; ett h\u00e4rligt g\u00e4ng som alltid ger lite extra och ser till att hitta en l\u00f6sning. Vi ser inga problem \u2013 bara m\u00f6jligheter!<\/p><p>L\u00e4s mer om v\u00e5ra <a href=\"https:\/\/amtransport.se\/?page_id=72\">medarbetare<\/a> h\u00e4r.<\/p>\t\t\t\t\t\t\t\t<\/div>\n\t\t\t\t<\/div>\n\t\t\t\t\t<\/div>\n\t\t<\/div>\n\t\t\t\t\t<\/div>\n\t\t<\/section>\n\t\t\t\t<\/div>\n\t\t","protected":false},"excerpt":{"rendered":"<p>Arboga Milj\u00f6transport AB Det \u00e4r med stolthet vi ser tillbaka p\u00e5 Arboga Milj\u00f6transports 34 \u00e5r i branschen. Vi har k\u00e4mpat p\u00e5, det har inte alltid varit l\u00e4tt, men vi har lyckats skapa n\u00e5got riktigt bra inom v\u00e5rt omr\u00e5de. F\u00f6retaget startades 1977 av Seppo Kuusenaho och drevs under namnet Arboga Slamsug som enskild firma. \u00c5r 1987 [&hellip;]<\/p>\n","protected":false},"author":1,"featured_media":0,"parent":0,"menu_order":0,"comment_status":"closed","ping_status":"closed","template":"","meta":{"footnotes":""},"class_list":["post-221","page","type-page","status-publish","hentry"],"yoast_head":"<!-- This site is optimized with the Yoast SEO plugin v27.5 - https:\/\/yoast.com\/product\/yoast-seo-wordpress\/ -->\n<title>Om f\u00f6retaget - Arboga Milj\u00f6transport AB<\/title>\n<meta name=\"robots\" content=\"index, follow, max-snippet:-1, max-image-preview:large, max-video-preview:-1\" \/>\n<link rel=\"canonical\" href=\"https:\/\/amtransport.se\/?page_id=221\" \/>\n<meta property=\"og:locale\" content=\"sv_SE\" \/>\n<meta property=\"og:type\" content=\"article\" \/>\n<meta property=\"og:title\" content=\"Om f\u00f6retaget - Arboga Milj\u00f6transport AB\" \/>\n<meta property=\"og:description\" content=\"Arboga Milj\u00f6transport AB Det \u00e4r med stolthet vi ser tillbaka p\u00e5 Arboga Milj\u00f6transports 34 \u00e5r i branschen. Vi har k\u00e4mpat p\u00e5, det har inte alltid varit l\u00e4tt, men vi har lyckats skapa n\u00e5got riktigt bra inom v\u00e5rt omr\u00e5de. F\u00f6retaget startades 1977 av Seppo Kuusenaho och drevs under namnet Arboga Slamsug som enskild firma. \u00c5r 1987 [&hellip;]\" \/>\n<meta property=\"og:url\" content=\"https:\/\/amtransport.se\/?page_id=221\" \/>\n<meta property=\"og:site_name\" content=\"Arboga Milj\u00f6transport AB\" \/>\n<meta property=\"article:modified_time\" content=\"2023-09-14T00:48:27+00:00\" \/>\n<meta name=\"twitter:card\" content=\"summary_large_image\" \/>\n<meta name=\"twitter:label1\" content=\"Ber\u00e4knad l\u00e4stid\" \/>\n\t<meta name=\"twitter:data1\" content=\"2 minuter\" \/>\n<script type=\"application\/ld+json\" class=\"yoast-schema-graph\">{\"@context\":\"https:\\\/\\\/schema.org\",\"@graph\":[{\"@type\":\"WebPage\",\"@id\":\"https:\\\/\\\/amtransport.se\\\/?page_id=221\",\"url\":\"https:\\\/\\\/amtransport.se\\\/?page_id=221\",\"name\":\"Om f\u00f6retaget - Arboga Milj\u00f6transport AB\",\"isPartOf\":{\"@id\":\"https:\\\/\\\/amtransport.se\\\/#website\"},\"datePublished\":\"2023-09-12T23:48:06+00:00\",\"dateModified\":\"2023-09-14T00:48:27+00:00\",\"breadcrumb\":{\"@id\":\"https:\\\/\\\/amtransport.se\\\/?page_id=221#breadcrumb\"},\"inLanguage\":\"sv-SE\",\"potentialAction\":[{\"@type\":\"ReadAction\",\"target\":[\"https:\\\/\\\/amtransport.se\\\/?page_id=221\"]}]},{\"@type\":\"BreadcrumbList\",\"@id\":\"https:\\\/\\\/amtransport.se\\\/?page_id=221#breadcrumb\",\"itemListElement\":[{\"@type\":\"ListItem\",\"position\":1,\"name\":\"Hem\",\"item\":\"https:\\\/\\\/amtransport.se\\\/\"},{\"@type\":\"ListItem\",\"position\":2,\"name\":\"Om f\u00f6retaget\"}]},{\"@type\":\"WebSite\",\"@id\":\"https:\\\/\\\/amtransport.se\\\/#website\",\"url\":\"https:\\\/\\\/amtransport.se\\\/\",\"name\":\"Arboga Milj\u00f6transport AB\",\"description\":\"\",\"publisher\":{\"@id\":\"https:\\\/\\\/amtransport.se\\\/#organization\"},\"potentialAction\":[{\"@type\":\"SearchAction\",\"target\":{\"@type\":\"EntryPoint\",\"urlTemplate\":\"https:\\\/\\\/amtransport.se\\\/?s={search_term_string}\"},\"query-input\":{\"@type\":\"PropertyValueSpecification\",\"valueRequired\":true,\"valueName\":\"search_term_string\"}}],\"inLanguage\":\"sv-SE\"},{\"@type\":\"Organization\",\"@id\":\"https:\\\/\\\/amtransport.se\\\/#organization\",\"name\":\"Arboga Milj\u00f6transport AB\",\"url\":\"https:\\\/\\\/amtransport.se\\\/\",\"logo\":{\"@type\":\"ImageObject\",\"inLanguage\":\"sv-SE\",\"@id\":\"https:\\\/\\\/amtransport.se\\\/#\\\/schema\\\/logo\\\/image\\\/\",\"url\":\"https:\\\/\\\/amtransport.se\\\/wp-content\\\/uploads\\\/2023\\\/09\\\/amtransport_logo.png\",\"contentUrl\":\"https:\\\/\\\/amtransport.se\\\/wp-content\\\/uploads\\\/2023\\\/09\\\/amtransport_logo.png\",\"width\":220,\"height\":97,\"caption\":\"Arboga Milj\u00f6transport AB\"},\"image\":{\"@id\":\"https:\\\/\\\/amtransport.se\\\/#\\\/schema\\\/logo\\\/image\\\/\"}}]}<\/script>\n<!-- \/ Yoast SEO plugin. -->","yoast_head_json":{"title":"Om f\u00f6retaget - Arboga Milj\u00f6transport AB","robots":{"index":"index","follow":"follow","max-snippet":"max-snippet:-1","max-image-preview":"max-image-preview:large","max-video-preview":"max-video-preview:-1"},"canonical":"https:\/\/amtransport.se\/?page_id=221","og_locale":"sv_SE","og_type":"article","og_title":"Om f\u00f6retaget - Arboga Milj\u00f6transport AB","og_description":"Arboga Milj\u00f6transport AB Det \u00e4r med stolthet vi ser tillbaka p\u00e5 Arboga Milj\u00f6transports 34 \u00e5r i branschen. Vi har k\u00e4mpat p\u00e5, det har inte alltid varit l\u00e4tt, men vi har lyckats skapa n\u00e5got riktigt bra inom v\u00e5rt omr\u00e5de. F\u00f6retaget startades 1977 av Seppo Kuusenaho och drevs under namnet Arboga Slamsug som enskild firma. \u00c5r 1987 [&hellip;]","og_url":"https:\/\/amtransport.se\/?page_id=221","og_site_name":"Arboga Milj\u00f6transport AB","article_modified_time":"2023-09-14T00:48:27+00:00","twitter_card":"summary_large_image","twitter_misc":{"Ber\u00e4knad l\u00e4stid":"2 minuter"},"schema":{"@context":"https:\/\/schema.org","@graph":[{"@type":"WebPage","@id":"https:\/\/amtransport.se\/?page_id=221","url":"https:\/\/amtransport.se\/?page_id=221","name":"Om f\u00f6retaget - Arboga Milj\u00f6transport AB","isPartOf":{"@id":"https:\/\/amtransport.se\/#website"},"datePublished":"2023-09-12T23:48:06+00:00","dateModified":"2023-09-14T00:48:27+00:00","breadcrumb":{"@id":"https:\/\/amtransport.se\/?page_id=221#breadcrumb"},"inLanguage":"sv-SE","potentialAction":[{"@type":"ReadAction","target":["https:\/\/amtransport.se\/?page_id=221"]}]},{"@type":"BreadcrumbList","@id":"https:\/\/amtransport.se\/?page_id=221#breadcrumb","itemListElement":[{"@type":"ListItem","position":1,"name":"Hem","item":"https:\/\/amtransport.se\/"},{"@type":"ListItem","position":2,"name":"Om f\u00f6retaget"}]},{"@type":"WebSite","@id":"https:\/\/amtransport.se\/#website","url":"https:\/\/amtransport.se\/","name":"Arboga Milj\u00f6transport AB","description":"","publisher":{"@id":"https:\/\/amtransport.se\/#organization"},"potentialAction":[{"@type":"SearchAction","target":{"@type":"EntryPoint","urlTemplate":"https:\/\/amtransport.se\/?s={search_term_string}"},"query-input":{"@type":"PropertyValueSpecification","valueRequired":true,"valueName":"search_term_string"}}],"inLanguage":"sv-SE"},{"@type":"Organization","@id":"https:\/\/amtransport.se\/#organization","name":"Arboga Milj\u00f6transport AB","url":"https:\/\/amtransport.se\/","logo":{"@type":"ImageObject","inLanguage":"sv-SE","@id":"https:\/\/amtransport.se\/#\/schema\/logo\/image\/","url":"https:\/\/amtransport.se\/wp-content\/uploads\/2023\/09\/amtransport_logo.png","contentUrl":"https:\/\/amtransport.se\/wp-content\/uploads\/2023\/09\/amtransport_logo.png","width":220,"height":97,"caption":"Arboga Milj\u00f6transport AB"},"image":{"@id":"https:\/\/amtransport.se\/#\/schema\/logo\/image\/"}}]}},"_links":{"self":[{"href":"https:\/\/amtransport.se\/index.php?rest_route=\/wp\/v2\/pages\/221","targetHints":{"allow":["GET"]}}],"collection":[{"href":"https:\/\/amtransport.se\/index.php?rest_route=\/wp\/v2\/pages"}],"about":[{"href":"https:\/\/amtransport.se\/index.php?rest_route=\/wp\/v2\/types\/page"}],"author":[{"embeddable":true,"href":"https:\/\/amtransport.se\/index.php?rest_route=\/wp\/v2\/users\/1"}],"replies":[{"embeddable":true,"href":"https:\/\/amtransport.se\/index.php?rest_route=%2Fwp%2Fv2%2Fcomments&post=221"}],"version-history":[{"count":13,"href":"https:\/\/amtransport.se\/index.php?rest_route=\/wp\/v2\/pages\/221\/revisions"}],"predecessor-version":[{"id":338,"href":"https:\/\/amtransport.se\/index.php?rest_route=\/wp\/v2\/pages\/221\/revisions\/338"}],"wp:attachment":[{"href":"https:\/\/amtransport.se\/index.php?rest_route=%2Fwp%2Fv2%2Fmedia&parent=221"}],"curies":[{"name":"wp","href":"https:\/\/api.w.org\/{rel}","templated":true}]}}