{"id":204,"date":"2023-09-12T23:32:49","date_gmt":"2023-09-12T23:32:49","guid":{"rendered":"https:\/\/amtransport.weblicious.io\/?page_id=204"},"modified":"2023-09-14T00:49:25","modified_gmt":"2023-09-14T00:49:25","slug":"tillstand","status":"publish","type":"page","link":"https:\/\/amtransport.se\/?page_id=204","title":{"rendered":"Tillst\u00e5nd"},"content":{"rendered":"\t\t<div data-elementor-type=\"wp-page\" data-elementor-id=\"204\" class=\"elementor elementor-204\" data-elementor-post-type=\"page\">\n\t\t\t\t\t\t<section class=\"elementor-section elementor-top-section elementor-element elementor-element-2c7a7f0c elementor-section-height-min-height elementor-section-boxed elementor-section-height-default elementor-section-items-middle\" data-id=\"2c7a7f0c\" data-element_type=\"section\" data-e-type=\"section\" data-settings=\"{&quot;jet_parallax_layout_list&quot;:[],&quot;background_background&quot;:&quot;classic&quot;,&quot;shape_divider_bottom&quot;:&quot;opacity-tilt&quot;}\">\n\t\t\t\t\t\t\t<div class=\"elementor-background-overlay\"><\/div>\n\t\t\t\t\t\t<div class=\"elementor-shape elementor-shape-bottom\" aria-hidden=\"true\" data-negative=\"false\">\n\t\t\t<svg xmlns=\"http:\/\/www.w3.org\/2000\/svg\" viewBox=\"0 0 2600 131.1\" preserveAspectRatio=\"none\">\n\t<path class=\"elementor-shape-fill\" d=\"M0 0L2600 0 2600 69.1 0 0z\"\/>\n\t<path class=\"elementor-shape-fill\" style=\"opacity:0.5\" d=\"M0 0L2600 0 2600 69.1 0 69.1z\"\/>\n\t<path class=\"elementor-shape-fill\" style=\"opacity:0.25\" d=\"M2600 0L0 0 0 130.1 2600 69.1z\"\/>\n<\/svg>\t\t<\/div>\n\t\t\t\t\t<div class=\"elementor-container elementor-column-gap-default\">\n\t\t\t\t\t<div class=\"elementor-column elementor-col-100 elementor-top-column elementor-element elementor-element-40bec23d\" data-id=\"40bec23d\" data-element_type=\"column\" data-e-type=\"column\">\n\t\t\t<div class=\"elementor-widget-wrap elementor-element-populated\">\n\t\t\t\t\t\t<div class=\"elementor-element elementor-element-42bdd256 elementor-widget elementor-widget-heading\" data-id=\"42bdd256\" data-element_type=\"widget\" data-e-type=\"widget\" data-widget_type=\"heading.default\">\n\t\t\t\t<div class=\"elementor-widget-container\">\n\t\t\t\t\t<h1 class=\"elementor-heading-title elementor-size-default\">Tillst\u00e5nd<\/h1>\t\t\t\t<\/div>\n\t\t\t\t<\/div>\n\t\t\t\t\t<\/div>\n\t\t<\/div>\n\t\t\t\t\t<\/div>\n\t\t<\/section>\n\t\t\t\t<section class=\"elementor-section elementor-top-section elementor-element elementor-element-31d8239 elementor-section-height-full elementor-section-items-top elementor-section-boxed elementor-section-height-default\" data-id=\"31d8239\" data-element_type=\"section\" data-e-type=\"section\" data-settings=\"{&quot;jet_parallax_layout_list&quot;:[]}\">\n\t\t\t\t\t\t<div class=\"elementor-container elementor-column-gap-default\">\n\t\t\t\t\t<div class=\"elementor-column elementor-col-50 elementor-top-column elementor-element elementor-element-bf45645\" data-id=\"bf45645\" data-element_type=\"column\" data-e-type=\"column\">\n\t\t\t<div class=\"elementor-widget-wrap elementor-element-populated\">\n\t\t\t\t\t\t<div class=\"elementor-element elementor-element-8334244 elementor-view-default elementor-position-block-start elementor-mobile-position-block-start elementor-widget elementor-widget-icon-box\" data-id=\"8334244\" data-element_type=\"widget\" data-e-type=\"widget\" data-widget_type=\"icon-box.default\">\n\t\t\t\t<div class=\"elementor-widget-container\">\n\t\t\t\t\t\t\t<div class=\"elementor-icon-box-wrapper\">\n\n\t\t\t\t\t\t<div class=\"elementor-icon-box-icon\">\n\t\t\t\t<span  class=\"elementor-icon\">\n\t\t\t\t<i aria-hidden=\"true\" class=\"far fa-file\"><\/i>\t\t\t\t<\/span>\n\t\t\t<\/div>\n\t\t\t\n\t\t\t\t\t\t<div class=\"elementor-icon-box-content\">\n\n\t\t\t\t\t\t\t\t\t<h4 class=\"elementor-icon-box-title\">\n\t\t\t\t\t\t<span  >\n\t\t\t\t\t\t\tTillst\u00e5nd f\u00f6r internationell godstransport p\u00e5 v\u00e4g i yrkesm\u00e4ssig trafik\t\t\t\t\t\t<\/span>\n\t\t\t\t\t<\/h4>\n\t\t\t\t\n\t\t\t\t\t\t\t\t\t<p class=\"elementor-icon-box-description\">\n\t\t\t\t\t\tTransportstyrelsen\t\t\t\t\t<\/p>\n\t\t\t\t\n\t\t\t<\/div>\n\t\t\t\n\t\t<\/div>\n\t\t\t\t\t\t<\/div>\n\t\t\t\t<\/div>\n\t\t\t\t<div class=\"elementor-element elementor-element-be18dba elementor-widget elementor-widget-image\" data-id=\"be18dba\" data-element_type=\"widget\" data-e-type=\"widget\" data-widget_type=\"image.default\">\n\t\t\t\t<div class=\"elementor-widget-container\">\n\t\t\t\t\t\t\t\t\t\t\t\t\t\t\t<img fetchpriority=\"high\" decoding=\"async\" width=\"724\" height=\"1024\" src=\"https:\/\/amtransport.se\/wp-content\/uploads\/2023\/09\/amt-internationellt-tillstand-2-724x1024.jpg\" class=\"attachment-large size-large wp-image-206\" alt=\"\" srcset=\"https:\/\/amtransport.se\/wp-content\/uploads\/2023\/09\/amt-internationellt-tillstand-2-724x1024.jpg 724w, https:\/\/amtransport.se\/wp-content\/uploads\/2023\/09\/amt-internationellt-tillstand-2-212x300.jpg 212w, https:\/\/amtransport.se\/wp-content\/uploads\/2023\/09\/amt-internationellt-tillstand-2-768x1086.jpg 768w, https:\/\/amtransport.se\/wp-content\/uploads\/2023\/09\/amt-internationellt-tillstand-2-1086x1536.jpg 1086w, https:\/\/amtransport.se\/wp-content\/uploads\/2023\/09\/amt-internationellt-tillstand-2.jpg 1240w\" sizes=\"(max-width: 724px) 100vw, 724px\" \/>\t\t\t\t\t\t\t\t\t\t\t\t\t\t\t<\/div>\n\t\t\t\t<\/div>\n\t\t\t\t\t<\/div>\n\t\t<\/div>\n\t\t\t\t<div class=\"elementor-column elementor-col-50 elementor-top-column elementor-element elementor-element-85590ea\" data-id=\"85590ea\" data-element_type=\"column\" data-e-type=\"column\">\n\t\t\t<div class=\"elementor-widget-wrap elementor-element-populated\">\n\t\t\t\t\t\t<div class=\"elementor-element elementor-element-2f35de9 elementor-view-default elementor-position-block-start elementor-mobile-position-block-start elementor-widget elementor-widget-icon-box\" data-id=\"2f35de9\" data-element_type=\"widget\" data-e-type=\"widget\" data-widget_type=\"icon-box.default\">\n\t\t\t\t<div class=\"elementor-widget-container\">\n\t\t\t\t\t\t\t<div class=\"elementor-icon-box-wrapper\">\n\n\t\t\t\t\t\t<div class=\"elementor-icon-box-icon\">\n\t\t\t\t<span  class=\"elementor-icon\">\n\t\t\t\t<i aria-hidden=\"true\" class=\"far fa-file\"><\/i>\t\t\t\t<\/span>\n\t\t\t<\/div>\n\t\t\t\n\t\t\t\t\t\t<div class=\"elementor-icon-box-content\">\n\n\t\t\t\t\t\t\t\t\t<h4 class=\"elementor-icon-box-title\">\n\t\t\t\t\t\t<span  >\n\t\t\t\t\t\t\tTillst\u00e5nd till transport av farligt och icke-farligt avfall\t\t\t\t\t\t<\/span>\n\t\t\t\t\t<\/h4>\n\t\t\t\t\n\t\t\t\t\t\t\t\t\t<p class=\"elementor-icon-box-description\">\n\t\t\t\t\t\tL\u00e4nsstyrelsen\t\t\t\t\t<\/p>\n\t\t\t\t\n\t\t\t<\/div>\n\t\t\t\n\t\t<\/div>\n\t\t\t\t\t\t<\/div>\n\t\t\t\t<\/div>\n\t\t\t\t<div class=\"elementor-element elementor-element-0dee8cd elementor-widget elementor-widget-image\" data-id=\"0dee8cd\" data-element_type=\"widget\" data-e-type=\"widget\" data-widget_type=\"image.default\">\n\t\t\t\t<div class=\"elementor-widget-container\">\n\t\t\t\t\t\t\t\t\t\t\t\t\t\t\t<img decoding=\"async\" width=\"721\" height=\"1024\" src=\"https:\/\/amtransport.se\/wp-content\/uploads\/2023\/09\/amt_tillstand_till_transport_av_farligt_och_icke-farligt_avfall_19048849-721x1024.png\" class=\"attachment-large size-large wp-image-207\" alt=\"\" srcset=\"https:\/\/amtransport.se\/wp-content\/uploads\/2023\/09\/amt_tillstand_till_transport_av_farligt_och_icke-farligt_avfall_19048849-721x1024.png 721w, https:\/\/amtransport.se\/wp-content\/uploads\/2023\/09\/amt_tillstand_till_transport_av_farligt_och_icke-farligt_avfall_19048849-211x300.png 211w, https:\/\/amtransport.se\/wp-content\/uploads\/2023\/09\/amt_tillstand_till_transport_av_farligt_och_icke-farligt_avfall_19048849-768x1091.png 768w, https:\/\/amtransport.se\/wp-content\/uploads\/2023\/09\/amt_tillstand_till_transport_av_farligt_och_icke-farligt_avfall_19048849-1081x1536.png 1081w, https:\/\/amtransport.se\/wp-content\/uploads\/2023\/09\/amt_tillstand_till_transport_av_farligt_och_icke-farligt_avfall_19048849.png 1084w\" sizes=\"(max-width: 721px) 100vw, 721px\" \/>\t\t\t\t\t\t\t\t\t\t\t\t\t\t\t<\/div>\n\t\t\t\t<\/div>\n\t\t\t\t\t<\/div>\n\t\t<\/div>\n\t\t\t\t\t<\/div>\n\t\t<\/section>\n\t\t\t\t<\/div>\n\t\t","protected":false},"excerpt":{"rendered":"<p>Tillst\u00e5nd f\u00f6r internationell godstransport p\u00e5 v\u00e4g i yrkesm\u00e4ssig trafik Transportstyrelsen Tillst\u00e5nd till transport av farligt och icke-farligt avfall L\u00e4nsstyrelsen<\/p>\n","protected":false},"author":1,"featured_media":0,"parent":0,"menu_order":0,"comment_status":"closed","ping_status":"closed","template":"","meta":{"footnotes":""},"class_list":["post-204","page","type-page","status-publish","hentry"],"yoast_head":"<!-- This site is optimized with the Yoast SEO plugin v27.5 - https:\/\/yoast.com\/product\/yoast-seo-wordpress\/ -->\n<title>Tillst\u00e5nd - Arboga Milj\u00f6transport AB<\/title>\n<meta name=\"robots\" content=\"index, follow, max-snippet:-1, max-image-preview:large, max-video-preview:-1\" \/>\n<link rel=\"canonical\" href=\"https:\/\/amtransport.se\/?page_id=204\" \/>\n<meta property=\"og:locale\" content=\"sv_SE\" \/>\n<meta property=\"og:type\" content=\"article\" \/>\n<meta property=\"og:title\" content=\"Tillst\u00e5nd - Arboga Milj\u00f6transport AB\" \/>\n<meta property=\"og:description\" content=\"Tillst\u00e5nd f\u00f6r internationell godstransport p\u00e5 v\u00e4g i yrkesm\u00e4ssig trafik Transportstyrelsen Tillst\u00e5nd till transport av farligt och icke-farligt avfall L\u00e4nsstyrelsen\" \/>\n<meta property=\"og:url\" content=\"https:\/\/amtransport.se\/?page_id=204\" \/>\n<meta property=\"og:site_name\" content=\"Arboga Milj\u00f6transport AB\" \/>\n<meta property=\"article:modified_time\" content=\"2023-09-14T00:49:25+00:00\" \/>\n<meta property=\"og:image\" content=\"https:\/\/amtransport.se\/wp-content\/uploads\/2023\/09\/amt-internationellt-tillstand-2-724x1024.jpg\" \/>\n<meta name=\"twitter:card\" content=\"summary_large_image\" \/>\n<meta name=\"twitter:label1\" content=\"Ber\u00e4knad l\u00e4stid\" \/>\n\t<meta name=\"twitter:data1\" content=\"1 minut\" \/>\n<script type=\"application\/ld+json\" class=\"yoast-schema-graph\">{\"@context\":\"https:\\\/\\\/schema.org\",\"@graph\":[{\"@type\":\"WebPage\",\"@id\":\"https:\\\/\\\/amtransport.se\\\/?page_id=204\",\"url\":\"https:\\\/\\\/amtransport.se\\\/?page_id=204\",\"name\":\"Tillst\u00e5nd - Arboga Milj\u00f6transport AB\",\"isPartOf\":{\"@id\":\"https:\\\/\\\/amtransport.se\\\/#website\"},\"primaryImageOfPage\":{\"@id\":\"https:\\\/\\\/amtransport.se\\\/?page_id=204#primaryimage\"},\"image\":{\"@id\":\"https:\\\/\\\/amtransport.se\\\/?page_id=204#primaryimage\"},\"thumbnailUrl\":\"https:\\\/\\\/amtransport.se\\\/wp-content\\\/uploads\\\/2023\\\/09\\\/amt-internationellt-tillstand-2-724x1024.jpg\",\"datePublished\":\"2023-09-12T23:32:49+00:00\",\"dateModified\":\"2023-09-14T00:49:25+00:00\",\"breadcrumb\":{\"@id\":\"https:\\\/\\\/amtransport.se\\\/?page_id=204#breadcrumb\"},\"inLanguage\":\"sv-SE\",\"potentialAction\":[{\"@type\":\"ReadAction\",\"target\":[\"https:\\\/\\\/amtransport.se\\\/?page_id=204\"]}]},{\"@type\":\"ImageObject\",\"inLanguage\":\"sv-SE\",\"@id\":\"https:\\\/\\\/amtransport.se\\\/?page_id=204#primaryimage\",\"url\":\"https:\\\/\\\/amtransport.se\\\/wp-content\\\/uploads\\\/2023\\\/09\\\/amt-internationellt-tillstand-2.jpg\",\"contentUrl\":\"https:\\\/\\\/amtransport.se\\\/wp-content\\\/uploads\\\/2023\\\/09\\\/amt-internationellt-tillstand-2.jpg\",\"width\":1240,\"height\":1754},{\"@type\":\"BreadcrumbList\",\"@id\":\"https:\\\/\\\/amtransport.se\\\/?page_id=204#breadcrumb\",\"itemListElement\":[{\"@type\":\"ListItem\",\"position\":1,\"name\":\"Hem\",\"item\":\"https:\\\/\\\/amtransport.se\\\/\"},{\"@type\":\"ListItem\",\"position\":2,\"name\":\"Tillst\u00e5nd\"}]},{\"@type\":\"WebSite\",\"@id\":\"https:\\\/\\\/amtransport.se\\\/#website\",\"url\":\"https:\\\/\\\/amtransport.se\\\/\",\"name\":\"Arboga Milj\u00f6transport AB\",\"description\":\"\",\"publisher\":{\"@id\":\"https:\\\/\\\/amtransport.se\\\/#organization\"},\"potentialAction\":[{\"@type\":\"SearchAction\",\"target\":{\"@type\":\"EntryPoint\",\"urlTemplate\":\"https:\\\/\\\/amtransport.se\\\/?s={search_term_string}\"},\"query-input\":{\"@type\":\"PropertyValueSpecification\",\"valueRequired\":true,\"valueName\":\"search_term_string\"}}],\"inLanguage\":\"sv-SE\"},{\"@type\":\"Organization\",\"@id\":\"https:\\\/\\\/amtransport.se\\\/#organization\",\"name\":\"Arboga Milj\u00f6transport AB\",\"url\":\"https:\\\/\\\/amtransport.se\\\/\",\"logo\":{\"@type\":\"ImageObject\",\"inLanguage\":\"sv-SE\",\"@id\":\"https:\\\/\\\/amtransport.se\\\/#\\\/schema\\\/logo\\\/image\\\/\",\"url\":\"https:\\\/\\\/amtransport.se\\\/wp-content\\\/uploads\\\/2023\\\/09\\\/amtransport_logo.png\",\"contentUrl\":\"https:\\\/\\\/amtransport.se\\\/wp-content\\\/uploads\\\/2023\\\/09\\\/amtransport_logo.png\",\"width\":220,\"height\":97,\"caption\":\"Arboga Milj\u00f6transport AB\"},\"image\":{\"@id\":\"https:\\\/\\\/amtransport.se\\\/#\\\/schema\\\/logo\\\/image\\\/\"}}]}<\/script>\n<!-- \/ Yoast SEO plugin. -->","yoast_head_json":{"title":"Tillst\u00e5nd - Arboga Milj\u00f6transport AB","robots":{"index":"index","follow":"follow","max-snippet":"max-snippet:-1","max-image-preview":"max-image-preview:large","max-video-preview":"max-video-preview:-1"},"canonical":"https:\/\/amtransport.se\/?page_id=204","og_locale":"sv_SE","og_type":"article","og_title":"Tillst\u00e5nd - Arboga Milj\u00f6transport AB","og_description":"Tillst\u00e5nd f\u00f6r internationell godstransport p\u00e5 v\u00e4g i yrkesm\u00e4ssig trafik Transportstyrelsen Tillst\u00e5nd till transport av farligt och icke-farligt avfall L\u00e4nsstyrelsen","og_url":"https:\/\/amtransport.se\/?page_id=204","og_site_name":"Arboga Milj\u00f6transport AB","article_modified_time":"2023-09-14T00:49:25+00:00","og_image":[{"url":"https:\/\/amtransport.se\/wp-content\/uploads\/2023\/09\/amt-internationellt-tillstand-2-724x1024.jpg","type":"","width":"","height":""}],"twitter_card":"summary_large_image","twitter_misc":{"Ber\u00e4knad l\u00e4stid":"1 minut"},"schema":{"@context":"https:\/\/schema.org","@graph":[{"@type":"WebPage","@id":"https:\/\/amtransport.se\/?page_id=204","url":"https:\/\/amtransport.se\/?page_id=204","name":"Tillst\u00e5nd - Arboga Milj\u00f6transport AB","isPartOf":{"@id":"https:\/\/amtransport.se\/#website"},"primaryImageOfPage":{"@id":"https:\/\/amtransport.se\/?page_id=204#primaryimage"},"image":{"@id":"https:\/\/amtransport.se\/?page_id=204#primaryimage"},"thumbnailUrl":"https:\/\/amtransport.se\/wp-content\/uploads\/2023\/09\/amt-internationellt-tillstand-2-724x1024.jpg","datePublished":"2023-09-12T23:32:49+00:00","dateModified":"2023-09-14T00:49:25+00:00","breadcrumb":{"@id":"https:\/\/amtransport.se\/?page_id=204#breadcrumb"},"inLanguage":"sv-SE","potentialAction":[{"@type":"ReadAction","target":["https:\/\/amtransport.se\/?page_id=204"]}]},{"@type":"ImageObject","inLanguage":"sv-SE","@id":"https:\/\/amtransport.se\/?page_id=204#primaryimage","url":"https:\/\/amtransport.se\/wp-content\/uploads\/2023\/09\/amt-internationellt-tillstand-2.jpg","contentUrl":"https:\/\/amtransport.se\/wp-content\/uploads\/2023\/09\/amt-internationellt-tillstand-2.jpg","width":1240,"height":1754},{"@type":"BreadcrumbList","@id":"https:\/\/amtransport.se\/?page_id=204#breadcrumb","itemListElement":[{"@type":"ListItem","position":1,"name":"Hem","item":"https:\/\/amtransport.se\/"},{"@type":"ListItem","position":2,"name":"Tillst\u00e5nd"}]},{"@type":"WebSite","@id":"https:\/\/amtransport.se\/#website","url":"https:\/\/amtransport.se\/","name":"Arboga Milj\u00f6transport AB","description":"","publisher":{"@id":"https:\/\/amtransport.se\/#organization"},"potentialAction":[{"@type":"SearchAction","target":{"@type":"EntryPoint","urlTemplate":"https:\/\/amtransport.se\/?s={search_term_string}"},"query-input":{"@type":"PropertyValueSpecification","valueRequired":true,"valueName":"search_term_string"}}],"inLanguage":"sv-SE"},{"@type":"Organization","@id":"https:\/\/amtransport.se\/#organization","name":"Arboga Milj\u00f6transport AB","url":"https:\/\/amtransport.se\/","logo":{"@type":"ImageObject","inLanguage":"sv-SE","@id":"https:\/\/amtransport.se\/#\/schema\/logo\/image\/","url":"https:\/\/amtransport.se\/wp-content\/uploads\/2023\/09\/amtransport_logo.png","contentUrl":"https:\/\/amtransport.se\/wp-content\/uploads\/2023\/09\/amtransport_logo.png","width":220,"height":97,"caption":"Arboga Milj\u00f6transport AB"},"image":{"@id":"https:\/\/amtransport.se\/#\/schema\/logo\/image\/"}}]}},"_links":{"self":[{"href":"https:\/\/amtransport.se\/index.php?rest_route=\/wp\/v2\/pages\/204","targetHints":{"allow":["GET"]}}],"collection":[{"href":"https:\/\/amtransport.se\/index.php?rest_route=\/wp\/v2\/pages"}],"about":[{"href":"https:\/\/amtransport.se\/index.php?rest_route=\/wp\/v2\/types\/page"}],"author":[{"embeddable":true,"href":"https:\/\/amtransport.se\/index.php?rest_route=\/wp\/v2\/users\/1"}],"replies":[{"embeddable":true,"href":"https:\/\/amtransport.se\/index.php?rest_route=%2Fwp%2Fv2%2Fcomments&post=204"}],"version-history":[{"count":13,"href":"https:\/\/amtransport.se\/index.php?rest_route=\/wp\/v2\/pages\/204\/revisions"}],"predecessor-version":[{"id":341,"href":"https:\/\/amtransport.se\/index.php?rest_route=\/wp\/v2\/pages\/204\/revisions\/341"}],"wp:attachment":[{"href":"https:\/\/amtransport.se\/index.php?rest_route=%2Fwp%2Fv2%2Fmedia&parent=204"}],"curies":[{"name":"wp","href":"https:\/\/api.w.org\/{rel}","templated":true}]}}