{"id":152,"date":"2023-09-12T23:02:52","date_gmt":"2023-09-12T23:02:52","guid":{"rendered":"https:\/\/amtransport.weblicious.io\/?page_id=152"},"modified":"2023-09-14T00:44:45","modified_gmt":"2023-09-14T00:44:45","slug":"miljo-och-kvalitet","status":"publish","type":"page","link":"https:\/\/amtransport.se\/?page_id=152","title":{"rendered":"Milj\u00f6 och kvalitet"},"content":{"rendered":"\t\t<div data-elementor-type=\"wp-page\" data-elementor-id=\"152\" class=\"elementor elementor-152\" data-elementor-post-type=\"page\">\n\t\t\t\t\t\t<section class=\"elementor-section elementor-top-section elementor-element elementor-element-2c7a7f0c elementor-section-height-min-height elementor-section-boxed elementor-section-height-default elementor-section-items-middle\" data-id=\"2c7a7f0c\" data-element_type=\"section\" data-e-type=\"section\" data-settings=\"{&quot;jet_parallax_layout_list&quot;:[],&quot;background_background&quot;:&quot;classic&quot;,&quot;shape_divider_bottom&quot;:&quot;opacity-tilt&quot;}\">\n\t\t\t\t\t\t\t<div class=\"elementor-background-overlay\"><\/div>\n\t\t\t\t\t\t<div class=\"elementor-shape elementor-shape-bottom\" aria-hidden=\"true\" data-negative=\"false\">\n\t\t\t<svg xmlns=\"http:\/\/www.w3.org\/2000\/svg\" viewBox=\"0 0 2600 131.1\" preserveAspectRatio=\"none\">\n\t<path class=\"elementor-shape-fill\" d=\"M0 0L2600 0 2600 69.1 0 0z\"\/>\n\t<path class=\"elementor-shape-fill\" style=\"opacity:0.5\" d=\"M0 0L2600 0 2600 69.1 0 69.1z\"\/>\n\t<path class=\"elementor-shape-fill\" style=\"opacity:0.25\" d=\"M2600 0L0 0 0 130.1 2600 69.1z\"\/>\n<\/svg>\t\t<\/div>\n\t\t\t\t\t<div class=\"elementor-container elementor-column-gap-default\">\n\t\t\t\t\t<div class=\"elementor-column elementor-col-100 elementor-top-column elementor-element elementor-element-40bec23d\" data-id=\"40bec23d\" data-element_type=\"column\" data-e-type=\"column\">\n\t\t\t<div class=\"elementor-widget-wrap elementor-element-populated\">\n\t\t\t\t\t\t<div class=\"elementor-element elementor-element-42bdd256 elementor-widget elementor-widget-heading\" data-id=\"42bdd256\" data-element_type=\"widget\" data-e-type=\"widget\" data-widget_type=\"heading.default\">\n\t\t\t\t<div class=\"elementor-widget-container\">\n\t\t\t\t\t<h1 class=\"elementor-heading-title elementor-size-default\">Milj\u00f6 och kvalitet<\/h1>\t\t\t\t<\/div>\n\t\t\t\t<\/div>\n\t\t\t\t\t<\/div>\n\t\t<\/div>\n\t\t\t\t\t<\/div>\n\t\t<\/section>\n\t\t\t\t<section class=\"elementor-section elementor-top-section elementor-element elementor-element-4fe4432 elementor-section-boxed elementor-section-height-default elementor-section-height-default\" data-id=\"4fe4432\" data-element_type=\"section\" data-e-type=\"section\" data-settings=\"{&quot;jet_parallax_layout_list&quot;:[]}\">\n\t\t\t\t\t\t<div class=\"elementor-container elementor-column-gap-default\">\n\t\t\t\t\t<div class=\"elementor-column elementor-col-100 elementor-top-column elementor-element elementor-element-7ffe01a\" data-id=\"7ffe01a\" data-element_type=\"column\" data-e-type=\"column\">\n\t\t\t<div class=\"elementor-widget-wrap elementor-element-populated\">\n\t\t\t\t\t\t<div class=\"elementor-element elementor-element-e65ab5a elementor-widget elementor-widget-heading\" data-id=\"e65ab5a\" data-element_type=\"widget\" data-e-type=\"widget\" data-widget_type=\"heading.default\">\n\t\t\t\t<div class=\"elementor-widget-container\">\n\t\t\t\t\t<h2 class=\"elementor-heading-title elementor-size-default\">Milj\u00f6, kvalitet och trafiks\u00e4kerhet<\/h2>\t\t\t\t<\/div>\n\t\t\t\t<\/div>\n\t\t\t\t<div class=\"elementor-element elementor-element-cd5ccae elementor-widget elementor-widget-text-editor\" data-id=\"cd5ccae\" data-element_type=\"widget\" data-e-type=\"widget\" data-widget_type=\"text-editor.default\">\n\t\t\t\t<div class=\"elementor-widget-container\">\n\t\t\t\t\t\t\t\t\t<p>F\u00f6r att kunna erbjuda h\u00f6g kvalitet till v\u00e5ra kunder kr\u00e4vs att v\u00e5ra medarbetare m\u00e5r bra. Vi har d\u00e4rf\u00f6r ett omfattande kvalitets- och milj\u00f6arbete som sker l\u00f6pande. \u00c5r 2002 uppn\u00e5dde vi v\u00e5rt m\u00e5l och blev kvalitets &amp; milj\u00f6certifierade. Idag \u00e4r vi certifierade av Scandinavian Business Certification AB med certifikat f\u00f6r kvalitet SS-EN ISO 9001:2015 och milj\u00f6 SS-EN ISO 14001:2015, vilka \u00e4r Sveriges mest anv\u00e4nda certifikat inom \u00e5kerin\u00e4ringen.<\/p><p>Att s\u00e4kerst\u00e4lla kvaliteten f\u00f6r v\u00e5ra kunder \u00e4r mycket viktigt f\u00f6r oss. D\u00e4rf\u00f6r \u00e4r vi \u00e4ven kvalitetscertifierade enligt ISO 9001:2015. D\u00e5 vi arbetar med lastbilar som har inverkan p\u00e5 v\u00e5r milj\u00f6, arbetar vi ocks\u00e5 aktivt f\u00f6r att minska v\u00e5ra utsl\u00e4pp. Vi \u00e4r milj\u00f6certifierade enligt ISO 14001:2015.<\/p><p>I \u00e5kerin\u00e4ringen har trafiks\u00e4kerhet alltid varit en central fr\u00e5ga. Vi p\u00e5 Arboga Milj\u00f6transport arbetar f\u00f6r fullt med trafiks\u00e4kerhets\u00e5tg\u00e4rder och har \u00e4ven en egen trafiks\u00e4kerhetspolicy. Vi vet att en \u00f6kad trafiks\u00e4kerhet r\u00e4ddar m\u00e4nniskoliv och ger \u00e4ven minskade kostnader f\u00f6r br\u00e4nsle, gods och fordonsskador. D\u00e4rf\u00f6r arbetar vi nu f\u00f6r fullt f\u00f6r att bli certifierad enligt det nya standard f\u00f6r trafiks\u00e4kerhet.<\/p><p>Certifikat \u2013 Arboga Milj\u00f6transport ISO 9001\/14001<\/p>\t\t\t\t\t\t\t\t<\/div>\n\t\t\t\t<\/div>\n\t\t\t\t\t<\/div>\n\t\t<\/div>\n\t\t\t\t\t<\/div>\n\t\t<\/section>\n\t\t\t\t<section class=\"elementor-section elementor-top-section elementor-element elementor-element-d36e7fd elementor-section-boxed elementor-section-height-default elementor-section-height-default\" data-id=\"d36e7fd\" data-element_type=\"section\" data-e-type=\"section\" data-settings=\"{&quot;jet_parallax_layout_list&quot;:[],&quot;background_background&quot;:&quot;classic&quot;}\">\n\t\t\t\t\t\t<div class=\"elementor-container elementor-column-gap-default\">\n\t\t\t\t\t<div class=\"elementor-column elementor-col-50 elementor-top-column elementor-element elementor-element-3efe219\" data-id=\"3efe219\" data-element_type=\"column\" data-e-type=\"column\">\n\t\t\t<div class=\"elementor-widget-wrap elementor-element-populated\">\n\t\t\t\t\t\t<div class=\"elementor-element elementor-element-23ee67f elementor-widget elementor-widget-heading\" data-id=\"23ee67f\" data-element_type=\"widget\" data-e-type=\"widget\" data-widget_type=\"heading.default\">\n\t\t\t\t<div class=\"elementor-widget-container\">\n\t\t\t\t\t<h3 class=\"elementor-heading-title elementor-size-default\">Milj\u00f6policy<\/h3>\t\t\t\t<\/div>\n\t\t\t\t<\/div>\n\t\t\t\t<div class=\"elementor-element elementor-element-3571940 elementor-widget elementor-widget-text-editor\" data-id=\"3571940\" data-element_type=\"widget\" data-e-type=\"widget\" data-widget_type=\"text-editor.default\">\n\t\t\t\t<div class=\"elementor-widget-container\">\n\t\t\t\t\t\t\t\t\t<p>Arboga Milj\u00f6transport AB skall vid varje tillf\u00e4lle med utg\u00e5ngspunkt fr\u00e5n kundens krav och \u00e5keriets egna resurser och f\u00f6ruts\u00e4ttningar arbeta f\u00f6r:<\/p><ul><li>Att erbjuda marknaden milj\u00f6effektiva v\u00e4gtransporter.<\/li><li>Att st\u00e4ndigt f\u00f6rb\u00e4ttra verksamheten ur milj\u00f6synpunkt och genom b\u00e4sta m\u00f6jliga f\u00f6rm\u00e5ga f\u00f6rebygga f\u00f6roreningar.<\/li><li>Att f\u00f6lja lagstiftning som \u00e4r l\u00e4mplig f\u00f6r verksamheten samt kundernas krav och \u00f6vriga samh\u00e4llskrav.<\/li><li>Att uppn\u00e5 de milj\u00f6m\u00e5l som st\u00e4llts upp inom ramen f\u00f6r verksamheten.<\/li><li>Att f\u00f6rmedla de uppsatta milj\u00f6m\u00e5len inom f\u00f6retaget och till nyanst\u00e4llda.<\/li><\/ul>\t\t\t\t\t\t\t\t<\/div>\n\t\t\t\t<\/div>\n\t\t\t\t\t<\/div>\n\t\t<\/div>\n\t\t\t\t<div class=\"elementor-column elementor-col-50 elementor-top-column elementor-element elementor-element-2859a94\" data-id=\"2859a94\" data-element_type=\"column\" data-e-type=\"column\">\n\t\t\t<div class=\"elementor-widget-wrap elementor-element-populated\">\n\t\t\t\t\t\t<div class=\"elementor-element elementor-element-2cf5456 elementor-widget elementor-widget-image\" data-id=\"2cf5456\" data-element_type=\"widget\" data-e-type=\"widget\" data-widget_type=\"image.default\">\n\t\t\t\t<div class=\"elementor-widget-container\">\n\t\t\t\t\t\t\t\t\t\t\t\t\t\t\t<img fetchpriority=\"high\" decoding=\"async\" width=\"800\" height=\"532\" src=\"https:\/\/amtransport.se\/wp-content\/uploads\/2023\/09\/solar-2285763_1280-1024x681.jpg\" class=\"attachment-large size-large wp-image-154\" alt=\"\" srcset=\"https:\/\/amtransport.se\/wp-content\/uploads\/2023\/09\/solar-2285763_1280-1024x681.jpg 1024w, https:\/\/amtransport.se\/wp-content\/uploads\/2023\/09\/solar-2285763_1280-300x199.jpg 300w, https:\/\/amtransport.se\/wp-content\/uploads\/2023\/09\/solar-2285763_1280-768x511.jpg 768w, https:\/\/amtransport.se\/wp-content\/uploads\/2023\/09\/solar-2285763_1280.jpg 1280w\" sizes=\"(max-width: 800px) 100vw, 800px\" \/>\t\t\t\t\t\t\t\t\t\t\t\t\t\t\t<\/div>\n\t\t\t\t<\/div>\n\t\t\t\t\t<\/div>\n\t\t<\/div>\n\t\t\t\t\t<\/div>\n\t\t<\/section>\n\t\t\t\t<section class=\"elementor-section elementor-top-section elementor-element elementor-element-772a1a7 elementor-section-boxed elementor-section-height-default elementor-section-height-default\" data-id=\"772a1a7\" data-element_type=\"section\" data-e-type=\"section\" data-settings=\"{&quot;jet_parallax_layout_list&quot;:[],&quot;background_background&quot;:&quot;classic&quot;}\">\n\t\t\t\t\t\t<div class=\"elementor-container elementor-column-gap-default\">\n\t\t\t\t\t<div class=\"elementor-column elementor-col-50 elementor-top-column elementor-element elementor-element-6e4311f\" data-id=\"6e4311f\" data-element_type=\"column\" data-e-type=\"column\">\n\t\t\t<div class=\"elementor-widget-wrap elementor-element-populated\">\n\t\t\t\t\t\t<div class=\"elementor-element elementor-element-390cb8e elementor-widget elementor-widget-image\" data-id=\"390cb8e\" data-element_type=\"widget\" data-e-type=\"widget\" data-widget_type=\"image.default\">\n\t\t\t\t<div class=\"elementor-widget-container\">\n\t\t\t\t\t\t\t\t\t\t\t\t\t\t\t<img decoding=\"async\" width=\"800\" height=\"450\" src=\"https:\/\/amtransport.se\/wp-content\/uploads\/2023\/09\/amtransport21-1024x576.png\" class=\"attachment-large size-large wp-image-23\" alt=\"Avfallstransport\" srcset=\"https:\/\/amtransport.se\/wp-content\/uploads\/2023\/09\/amtransport21-1024x576.png 1024w, https:\/\/amtransport.se\/wp-content\/uploads\/2023\/09\/amtransport21-300x169.png 300w, https:\/\/amtransport.se\/wp-content\/uploads\/2023\/09\/amtransport21-768x432.png 768w, https:\/\/amtransport.se\/wp-content\/uploads\/2023\/09\/amtransport21-1536x864.png 1536w, https:\/\/amtransport.se\/wp-content\/uploads\/2023\/09\/amtransport21.png 1920w\" sizes=\"(max-width: 800px) 100vw, 800px\" \/>\t\t\t\t\t\t\t\t\t\t\t\t\t\t\t<\/div>\n\t\t\t\t<\/div>\n\t\t\t\t\t<\/div>\n\t\t<\/div>\n\t\t\t\t<div class=\"elementor-column elementor-col-50 elementor-top-column elementor-element elementor-element-73f15c2\" data-id=\"73f15c2\" data-element_type=\"column\" data-e-type=\"column\">\n\t\t\t<div class=\"elementor-widget-wrap elementor-element-populated\">\n\t\t\t\t\t\t<div class=\"elementor-element elementor-element-414842c elementor-widget elementor-widget-heading\" data-id=\"414842c\" data-element_type=\"widget\" data-e-type=\"widget\" data-widget_type=\"heading.default\">\n\t\t\t\t<div class=\"elementor-widget-container\">\n\t\t\t\t\t<h3 class=\"elementor-heading-title elementor-size-default\">Kvalitetspolicy<\/h3>\t\t\t\t<\/div>\n\t\t\t\t<\/div>\n\t\t\t\t<div class=\"elementor-element elementor-element-15470cb elementor-widget elementor-widget-text-editor\" data-id=\"15470cb\" data-element_type=\"widget\" data-e-type=\"widget\" data-widget_type=\"text-editor.default\">\n\t\t\t\t<div class=\"elementor-widget-container\">\n\t\t\t\t\t\t\t\t\t<p>Arboga Milj\u00f6transport AB har som policy att uppfylla kundernas krav vid hantering och transport av gods, i huvudsak farligt avfall och uppfylla deras \u00f6nskem\u00e5l i st\u00f6rsta m\u00f6jliga utstr\u00e4ckning genom att:<\/p><ul><li>Sk\u00f6ta v\u00e5ra transportuppdrag enligt g\u00e4llande best\u00e4mmelser och givna instruktioner.<\/li><li>L\u00f6pande underh\u00e5lla v\u00e5ra fordon och \u00f6vrig utrustning s\u00e5 de\/den alltid \u00e4r i tekniskt gott och v\u00e4lsk\u00f6tt skick.<\/li><li>Utf\u00f6ra transportuppdrag f\u00f6r v\u00e5ra kunder enligt uppgjorda rutiner och principer.<\/li><li>Aktivt och kontinuerligt arbeta med kvalitetsf\u00f6rb\u00e4ttringar i och utanf\u00f6r f\u00f6retaget.<\/li><li>Information om f\u00f6retagets kvalitetspolicy ska f\u00f6rmedlas inom f\u00f6retaget och till nyanst\u00e4llda.<\/li><\/ul>\t\t\t\t\t\t\t\t<\/div>\n\t\t\t\t<\/div>\n\t\t\t\t\t<\/div>\n\t\t<\/div>\n\t\t\t\t\t<\/div>\n\t\t<\/section>\n\t\t\t\t<section class=\"elementor-section elementor-top-section elementor-element elementor-element-1c62bba elementor-section-boxed elementor-section-height-default elementor-section-height-default\" data-id=\"1c62bba\" data-element_type=\"section\" data-e-type=\"section\" data-settings=\"{&quot;jet_parallax_layout_list&quot;:[],&quot;background_background&quot;:&quot;classic&quot;}\">\n\t\t\t\t\t\t<div class=\"elementor-container elementor-column-gap-default\">\n\t\t\t\t\t<div class=\"elementor-column elementor-col-100 elementor-top-column elementor-element elementor-element-f8ebd30\" data-id=\"f8ebd30\" data-element_type=\"column\" data-e-type=\"column\">\n\t\t\t<div class=\"elementor-widget-wrap elementor-element-populated\">\n\t\t\t\t\t\t<div class=\"elementor-element elementor-element-394f457 elementor-widget elementor-widget-heading\" data-id=\"394f457\" data-element_type=\"widget\" data-e-type=\"widget\" data-widget_type=\"heading.default\">\n\t\t\t\t<div class=\"elementor-widget-container\">\n\t\t\t\t\t<h3 class=\"elementor-heading-title elementor-size-default\">Trafiks\u00e4kerhetspolicy<\/h3>\t\t\t\t<\/div>\n\t\t\t\t<\/div>\n\t\t\t\t<div class=\"elementor-element elementor-element-b8d25f2 elementor-widget elementor-widget-text-editor\" data-id=\"b8d25f2\" data-element_type=\"widget\" data-e-type=\"widget\" data-widget_type=\"text-editor.default\">\n\t\t\t\t<div class=\"elementor-widget-container\">\n\t\t\t\t\t\t\t\t\t<p>Hos Arboga Milj\u00f6transport AB skall varje anst\u00e4lld ha en s\u00e5dan attityd och v\u00e4rdering till trafik och medtrafikanter, att f\u00f6retaget blir betraktat som ett gott f\u00f6red\u00f6me i trafiken. V\u00e5ra f\u00f6rare, medtrafikanter, kunder m.fl. skall uppleva s\u00e4kerhet och trygghet genom f\u00f6retagets agerande genom att:<\/p><ul><li>Fordon och maskiner ska vara i gott och trafiks\u00e4kerhetsdugligt skick.<\/li><li>Lagar och f\u00f6rordningar efterlevas.<\/li><li>System och rutiner ska finnas f\u00f6r rapportering av avvikelser.<\/li><li>Informera nyanst\u00e4llda om f\u00f6retagets trafiks\u00e4kerhetspolicy<\/li><li>Trafiks\u00e4kerhetspolicyn ska f\u00f6rankras med ber\u00f6rd personal i organisationens alla led.<\/li><li>Cheferna ska f\u00f6lja upp och se till s\u00e5 att trafiks\u00e4kerhetspolicyn efterlevs<\/li><\/ul><p>\u00a0<\/p><p>Detta inneb\u00e4r att chauff\u00f6rer:<\/p><ul><li>alltid anv\u00e4nda s\u00e4kerhetsb\u00e4lte<\/li><li>h\u00e5ller avst\u00e5nd till framf\u00f6rvarande<\/li><li>respekterar och h\u00e5ller hastighetsbest\u00e4mmelserna<\/li><li>respekterar k\u00f6r- och vilotidsreglerna<\/li><li>respekterar g\u00e4llande viktbest\u00e4mmelser<\/li><li>tar h\u00e4nsyn till v\u00e4glag och trafiksituation<\/li><li>vid k\u00f6rplanering s\u00e4krar godset p\u00e5 ett ansvarsfullt s\u00e4tt<\/li><li>\u00e4r sprit- och drogfria, inklusive starka mediciner<\/li><li>undviker att k\u00f6ra d\u00e5 man \u00e4r tr\u00f6tt<\/li><li>str\u00e4var efter att inte ta uppdrag som inneb\u00e4r att vi m\u00e5ste bryta mot policyn och dess inneb\u00f6rd<\/li><li>ska anv\u00e4nda kommunikationsutrustning p\u00e5 ett trafiks\u00e4kert s\u00e4tt och d\u00e4rmed inte anv\u00e4nda funktioner som SMS och e-post under f\u00e4rd.<\/li><li>Telefon ska anv\u00e4ndas enbart med handsfree under f\u00e4rd.<\/li><\/ul>\t\t\t\t\t\t\t\t<\/div>\n\t\t\t\t<\/div>\n\t\t\t\t\t<\/div>\n\t\t<\/div>\n\t\t\t\t\t<\/div>\n\t\t<\/section>\n\t\t\t\t<\/div>\n\t\t","protected":false},"excerpt":{"rendered":"<p>Milj\u00f6, kvalitet och trafiks\u00e4kerhet F\u00f6r att kunna erbjuda h\u00f6g kvalitet till v\u00e5ra kunder kr\u00e4vs att v\u00e5ra medarbetare m\u00e5r bra. Vi har d\u00e4rf\u00f6r ett omfattande kvalitets- och milj\u00f6arbete som sker l\u00f6pande. \u00c5r 2002 uppn\u00e5dde vi v\u00e5rt m\u00e5l och blev kvalitets &amp; milj\u00f6certifierade. Idag \u00e4r vi certifierade av Scandinavian Business Certification AB med certifikat f\u00f6r kvalitet SS-EN [&hellip;]<\/p>\n","protected":false},"author":1,"featured_media":0,"parent":0,"menu_order":0,"comment_status":"closed","ping_status":"closed","template":"","meta":{"footnotes":""},"class_list":["post-152","page","type-page","status-publish","hentry"],"yoast_head":"<!-- This site is optimized with the Yoast SEO plugin v27.5 - https:\/\/yoast.com\/product\/yoast-seo-wordpress\/ -->\n<title>Milj\u00f6 och kvalitet - Arboga Milj\u00f6transport AB<\/title>\n<meta name=\"robots\" content=\"index, follow, max-snippet:-1, max-image-preview:large, max-video-preview:-1\" \/>\n<link rel=\"canonical\" href=\"https:\/\/amtransport.se\/?page_id=152\" \/>\n<meta property=\"og:locale\" content=\"sv_SE\" \/>\n<meta property=\"og:type\" content=\"article\" \/>\n<meta property=\"og:title\" content=\"Milj\u00f6 och kvalitet - Arboga Milj\u00f6transport AB\" \/>\n<meta property=\"og:description\" content=\"Milj\u00f6, kvalitet och trafiks\u00e4kerhet F\u00f6r att kunna erbjuda h\u00f6g kvalitet till v\u00e5ra kunder kr\u00e4vs att v\u00e5ra medarbetare m\u00e5r bra. Vi har d\u00e4rf\u00f6r ett omfattande kvalitets- och milj\u00f6arbete som sker l\u00f6pande. \u00c5r 2002 uppn\u00e5dde vi v\u00e5rt m\u00e5l och blev kvalitets &amp; milj\u00f6certifierade. Idag \u00e4r vi certifierade av Scandinavian Business Certification AB med certifikat f\u00f6r kvalitet SS-EN [&hellip;]\" \/>\n<meta property=\"og:url\" content=\"https:\/\/amtransport.se\/?page_id=152\" \/>\n<meta property=\"og:site_name\" content=\"Arboga Milj\u00f6transport AB\" \/>\n<meta property=\"article:modified_time\" content=\"2023-09-14T00:44:45+00:00\" \/>\n<meta property=\"og:image\" content=\"https:\/\/amtransport.se\/wp-content\/uploads\/2023\/09\/solar-2285763_1280-1024x681.jpg\" \/>\n<meta name=\"twitter:card\" content=\"summary_large_image\" \/>\n<meta name=\"twitter:label1\" content=\"Ber\u00e4knad l\u00e4stid\" \/>\n\t<meta name=\"twitter:data1\" content=\"4 minuter\" \/>\n<script type=\"application\/ld+json\" class=\"yoast-schema-graph\">{\"@context\":\"https:\\\/\\\/schema.org\",\"@graph\":[{\"@type\":\"WebPage\",\"@id\":\"https:\\\/\\\/amtransport.se\\\/?page_id=152\",\"url\":\"https:\\\/\\\/amtransport.se\\\/?page_id=152\",\"name\":\"Milj\u00f6 och kvalitet - Arboga Milj\u00f6transport AB\",\"isPartOf\":{\"@id\":\"https:\\\/\\\/amtransport.se\\\/#website\"},\"primaryImageOfPage\":{\"@id\":\"https:\\\/\\\/amtransport.se\\\/?page_id=152#primaryimage\"},\"image\":{\"@id\":\"https:\\\/\\\/amtransport.se\\\/?page_id=152#primaryimage\"},\"thumbnailUrl\":\"https:\\\/\\\/amtransport.se\\\/wp-content\\\/uploads\\\/2023\\\/09\\\/solar-2285763_1280-1024x681.jpg\",\"datePublished\":\"2023-09-12T23:02:52+00:00\",\"dateModified\":\"2023-09-14T00:44:45+00:00\",\"breadcrumb\":{\"@id\":\"https:\\\/\\\/amtransport.se\\\/?page_id=152#breadcrumb\"},\"inLanguage\":\"sv-SE\",\"potentialAction\":[{\"@type\":\"ReadAction\",\"target\":[\"https:\\\/\\\/amtransport.se\\\/?page_id=152\"]}]},{\"@type\":\"ImageObject\",\"inLanguage\":\"sv-SE\",\"@id\":\"https:\\\/\\\/amtransport.se\\\/?page_id=152#primaryimage\",\"url\":\"https:\\\/\\\/amtransport.se\\\/wp-content\\\/uploads\\\/2023\\\/09\\\/solar-2285763_1280.jpg\",\"contentUrl\":\"https:\\\/\\\/amtransport.se\\\/wp-content\\\/uploads\\\/2023\\\/09\\\/solar-2285763_1280.jpg\",\"width\":1280,\"height\":851},{\"@type\":\"BreadcrumbList\",\"@id\":\"https:\\\/\\\/amtransport.se\\\/?page_id=152#breadcrumb\",\"itemListElement\":[{\"@type\":\"ListItem\",\"position\":1,\"name\":\"Hem\",\"item\":\"https:\\\/\\\/amtransport.se\\\/\"},{\"@type\":\"ListItem\",\"position\":2,\"name\":\"Milj\u00f6 och kvalitet\"}]},{\"@type\":\"WebSite\",\"@id\":\"https:\\\/\\\/amtransport.se\\\/#website\",\"url\":\"https:\\\/\\\/amtransport.se\\\/\",\"name\":\"Arboga Milj\u00f6transport AB\",\"description\":\"\",\"publisher\":{\"@id\":\"https:\\\/\\\/amtransport.se\\\/#organization\"},\"potentialAction\":[{\"@type\":\"SearchAction\",\"target\":{\"@type\":\"EntryPoint\",\"urlTemplate\":\"https:\\\/\\\/amtransport.se\\\/?s={search_term_string}\"},\"query-input\":{\"@type\":\"PropertyValueSpecification\",\"valueRequired\":true,\"valueName\":\"search_term_string\"}}],\"inLanguage\":\"sv-SE\"},{\"@type\":\"Organization\",\"@id\":\"https:\\\/\\\/amtransport.se\\\/#organization\",\"name\":\"Arboga Milj\u00f6transport AB\",\"url\":\"https:\\\/\\\/amtransport.se\\\/\",\"logo\":{\"@type\":\"ImageObject\",\"inLanguage\":\"sv-SE\",\"@id\":\"https:\\\/\\\/amtransport.se\\\/#\\\/schema\\\/logo\\\/image\\\/\",\"url\":\"https:\\\/\\\/amtransport.se\\\/wp-content\\\/uploads\\\/2023\\\/09\\\/amtransport_logo.png\",\"contentUrl\":\"https:\\\/\\\/amtransport.se\\\/wp-content\\\/uploads\\\/2023\\\/09\\\/amtransport_logo.png\",\"width\":220,\"height\":97,\"caption\":\"Arboga Milj\u00f6transport AB\"},\"image\":{\"@id\":\"https:\\\/\\\/amtransport.se\\\/#\\\/schema\\\/logo\\\/image\\\/\"}}]}<\/script>\n<!-- \/ Yoast SEO plugin. -->","yoast_head_json":{"title":"Milj\u00f6 och kvalitet - Arboga Milj\u00f6transport AB","robots":{"index":"index","follow":"follow","max-snippet":"max-snippet:-1","max-image-preview":"max-image-preview:large","max-video-preview":"max-video-preview:-1"},"canonical":"https:\/\/amtransport.se\/?page_id=152","og_locale":"sv_SE","og_type":"article","og_title":"Milj\u00f6 och kvalitet - Arboga Milj\u00f6transport AB","og_description":"Milj\u00f6, kvalitet och trafiks\u00e4kerhet F\u00f6r att kunna erbjuda h\u00f6g kvalitet till v\u00e5ra kunder kr\u00e4vs att v\u00e5ra medarbetare m\u00e5r bra. Vi har d\u00e4rf\u00f6r ett omfattande kvalitets- och milj\u00f6arbete som sker l\u00f6pande. \u00c5r 2002 uppn\u00e5dde vi v\u00e5rt m\u00e5l och blev kvalitets &amp; milj\u00f6certifierade. Idag \u00e4r vi certifierade av Scandinavian Business Certification AB med certifikat f\u00f6r kvalitet SS-EN [&hellip;]","og_url":"https:\/\/amtransport.se\/?page_id=152","og_site_name":"Arboga Milj\u00f6transport AB","article_modified_time":"2023-09-14T00:44:45+00:00","og_image":[{"url":"https:\/\/amtransport.se\/wp-content\/uploads\/2023\/09\/solar-2285763_1280-1024x681.jpg","type":"","width":"","height":""}],"twitter_card":"summary_large_image","twitter_misc":{"Ber\u00e4knad l\u00e4stid":"4 minuter"},"schema":{"@context":"https:\/\/schema.org","@graph":[{"@type":"WebPage","@id":"https:\/\/amtransport.se\/?page_id=152","url":"https:\/\/amtransport.se\/?page_id=152","name":"Milj\u00f6 och kvalitet - Arboga Milj\u00f6transport AB","isPartOf":{"@id":"https:\/\/amtransport.se\/#website"},"primaryImageOfPage":{"@id":"https:\/\/amtransport.se\/?page_id=152#primaryimage"},"image":{"@id":"https:\/\/amtransport.se\/?page_id=152#primaryimage"},"thumbnailUrl":"https:\/\/amtransport.se\/wp-content\/uploads\/2023\/09\/solar-2285763_1280-1024x681.jpg","datePublished":"2023-09-12T23:02:52+00:00","dateModified":"2023-09-14T00:44:45+00:00","breadcrumb":{"@id":"https:\/\/amtransport.se\/?page_id=152#breadcrumb"},"inLanguage":"sv-SE","potentialAction":[{"@type":"ReadAction","target":["https:\/\/amtransport.se\/?page_id=152"]}]},{"@type":"ImageObject","inLanguage":"sv-SE","@id":"https:\/\/amtransport.se\/?page_id=152#primaryimage","url":"https:\/\/amtransport.se\/wp-content\/uploads\/2023\/09\/solar-2285763_1280.jpg","contentUrl":"https:\/\/amtransport.se\/wp-content\/uploads\/2023\/09\/solar-2285763_1280.jpg","width":1280,"height":851},{"@type":"BreadcrumbList","@id":"https:\/\/amtransport.se\/?page_id=152#breadcrumb","itemListElement":[{"@type":"ListItem","position":1,"name":"Hem","item":"https:\/\/amtransport.se\/"},{"@type":"ListItem","position":2,"name":"Milj\u00f6 och kvalitet"}]},{"@type":"WebSite","@id":"https:\/\/amtransport.se\/#website","url":"https:\/\/amtransport.se\/","name":"Arboga Milj\u00f6transport AB","description":"","publisher":{"@id":"https:\/\/amtransport.se\/#organization"},"potentialAction":[{"@type":"SearchAction","target":{"@type":"EntryPoint","urlTemplate":"https:\/\/amtransport.se\/?s={search_term_string}"},"query-input":{"@type":"PropertyValueSpecification","valueRequired":true,"valueName":"search_term_string"}}],"inLanguage":"sv-SE"},{"@type":"Organization","@id":"https:\/\/amtransport.se\/#organization","name":"Arboga Milj\u00f6transport AB","url":"https:\/\/amtransport.se\/","logo":{"@type":"ImageObject","inLanguage":"sv-SE","@id":"https:\/\/amtransport.se\/#\/schema\/logo\/image\/","url":"https:\/\/amtransport.se\/wp-content\/uploads\/2023\/09\/amtransport_logo.png","contentUrl":"https:\/\/amtransport.se\/wp-content\/uploads\/2023\/09\/amtransport_logo.png","width":220,"height":97,"caption":"Arboga Milj\u00f6transport AB"},"image":{"@id":"https:\/\/amtransport.se\/#\/schema\/logo\/image\/"}}]}},"_links":{"self":[{"href":"https:\/\/amtransport.se\/index.php?rest_route=\/wp\/v2\/pages\/152","targetHints":{"allow":["GET"]}}],"collection":[{"href":"https:\/\/amtransport.se\/index.php?rest_route=\/wp\/v2\/pages"}],"about":[{"href":"https:\/\/amtransport.se\/index.php?rest_route=\/wp\/v2\/types\/page"}],"author":[{"embeddable":true,"href":"https:\/\/amtransport.se\/index.php?rest_route=\/wp\/v2\/users\/1"}],"replies":[{"embeddable":true,"href":"https:\/\/amtransport.se\/index.php?rest_route=%2Fwp%2Fv2%2Fcomments&post=152"}],"version-history":[{"count":19,"href":"https:\/\/amtransport.se\/index.php?rest_route=\/wp\/v2\/pages\/152\/revisions"}],"predecessor-version":[{"id":325,"href":"https:\/\/amtransport.se\/index.php?rest_route=\/wp\/v2\/pages\/152\/revisions\/325"}],"wp:attachment":[{"href":"https:\/\/amtransport.se\/index.php?rest_route=%2Fwp%2Fv2%2Fmedia&parent=152"}],"curies":[{"name":"wp","href":"https:\/\/api.w.org\/{rel}","templated":true}]}}