{"id":136,"date":"2023-09-12T22:34:56","date_gmt":"2023-09-12T22:34:56","guid":{"rendered":"https:\/\/amtransport.weblicious.io\/?page_id=136"},"modified":"2024-03-11T19:46:21","modified_gmt":"2024-03-11T19:46:21","slug":"kontakt","status":"publish","type":"page","link":"https:\/\/amtransport.se\/?page_id=136","title":{"rendered":"Kontakt"},"content":{"rendered":"\t\t<div data-elementor-type=\"wp-page\" data-elementor-id=\"136\" class=\"elementor elementor-136\" data-elementor-post-type=\"page\">\n\t\t\t\t\t\t<section class=\"elementor-section elementor-top-section elementor-element elementor-element-727a4ae elementor-section-height-min-height elementor-section-boxed elementor-section-height-default elementor-section-items-middle\" data-id=\"727a4ae\" data-element_type=\"section\" data-e-type=\"section\" data-settings=\"{&quot;jet_parallax_layout_list&quot;:[],&quot;background_background&quot;:&quot;classic&quot;,&quot;shape_divider_bottom&quot;:&quot;opacity-tilt&quot;}\">\n\t\t\t\t\t\t\t<div class=\"elementor-background-overlay\"><\/div>\n\t\t\t\t\t\t<div class=\"elementor-shape elementor-shape-bottom\" aria-hidden=\"true\" data-negative=\"false\">\n\t\t\t<svg xmlns=\"http:\/\/www.w3.org\/2000\/svg\" viewBox=\"0 0 2600 131.1\" preserveAspectRatio=\"none\">\n\t<path class=\"elementor-shape-fill\" d=\"M0 0L2600 0 2600 69.1 0 0z\"\/>\n\t<path class=\"elementor-shape-fill\" style=\"opacity:0.5\" d=\"M0 0L2600 0 2600 69.1 0 69.1z\"\/>\n\t<path class=\"elementor-shape-fill\" style=\"opacity:0.25\" d=\"M2600 0L0 0 0 130.1 2600 69.1z\"\/>\n<\/svg>\t\t<\/div>\n\t\t\t\t\t<div class=\"elementor-container elementor-column-gap-default\">\n\t\t\t\t\t<div class=\"elementor-column elementor-col-100 elementor-top-column elementor-element elementor-element-e13e3c7\" data-id=\"e13e3c7\" data-element_type=\"column\" data-e-type=\"column\">\n\t\t\t<div class=\"elementor-widget-wrap elementor-element-populated\">\n\t\t\t\t\t\t<div class=\"elementor-element elementor-element-25844ae elementor-widget elementor-widget-heading\" data-id=\"25844ae\" data-element_type=\"widget\" data-e-type=\"widget\" data-widget_type=\"heading.default\">\n\t\t\t\t<div class=\"elementor-widget-container\">\n\t\t\t\t\t<h1 class=\"elementor-heading-title elementor-size-default\">Kontakt<\/h1>\t\t\t\t<\/div>\n\t\t\t\t<\/div>\n\t\t\t\t\t<\/div>\n\t\t<\/div>\n\t\t\t\t\t<\/div>\n\t\t<\/section>\n\t\t\t\t<section class=\"elementor-section elementor-top-section elementor-element elementor-element-f2da983 elementor-section-boxed elementor-section-height-default elementor-section-height-default\" data-id=\"f2da983\" data-element_type=\"section\" data-e-type=\"section\" data-settings=\"{&quot;jet_parallax_layout_list&quot;:[]}\">\n\t\t\t\t\t\t<div class=\"elementor-container elementor-column-gap-default\">\n\t\t\t\t\t<div class=\"elementor-column elementor-col-50 elementor-top-column elementor-element elementor-element-1c5d9b3\" data-id=\"1c5d9b3\" data-element_type=\"column\" data-e-type=\"column\">\n\t\t\t<div class=\"elementor-widget-wrap elementor-element-populated\">\n\t\t\t\t\t\t<div class=\"elementor-element elementor-element-d6f664c elementor-widget elementor-widget-heading\" data-id=\"d6f664c\" data-element_type=\"widget\" data-e-type=\"widget\" data-widget_type=\"heading.default\">\n\t\t\t\t<div class=\"elementor-widget-container\">\n\t\t\t\t\t<h2 class=\"elementor-heading-title elementor-size-default\">Kontaktuppgifter<\/h2>\t\t\t\t<\/div>\n\t\t\t\t<\/div>\n\t\t\t\t<div class=\"elementor-element elementor-element-2f0b5de elementor-widget elementor-widget-text-editor\" data-id=\"2f0b5de\" data-element_type=\"widget\" data-e-type=\"widget\" data-widget_type=\"text-editor.default\">\n\t\t\t\t<div class=\"elementor-widget-container\">\n\t\t\t\t\t\t\t\t\t<p>Telefon: 0589-166 90<br \/>E-mail: info@amtransport.se<br \/>Fax: 0589-166 91<\/p><h3>Postadress<\/h3><p>Arboga Milj\u00f6transport<br \/>Box 73<br \/>732 33 Arboga<\/p><h3>Bes\u00f6ksadress<\/h3><p>Arboga Milj\u00f6transport<br \/>Tegelvretsv\u00e4gen 11<br \/>Arboga<\/p><h3>F\u00f6retagsuppgifter<\/h3><p>Org nr: 5562965342<br \/>Innehar F-skattebevis<\/p>\t\t\t\t\t\t\t\t<\/div>\n\t\t\t\t<\/div>\n\t\t\t\t\t<\/div>\n\t\t<\/div>\n\t\t\t\t<div class=\"elementor-column elementor-col-50 elementor-top-column elementor-element elementor-element-70564fb\" data-id=\"70564fb\" data-element_type=\"column\" data-e-type=\"column\">\n\t\t\t<div class=\"elementor-widget-wrap elementor-element-populated\">\n\t\t\t\t\t\t<div class=\"elementor-element elementor-element-27ba2e7 elementor-widget elementor-widget-heading\" data-id=\"27ba2e7\" data-element_type=\"widget\" data-e-type=\"widget\" data-widget_type=\"heading.default\">\n\t\t\t\t<div class=\"elementor-widget-container\">\n\t\t\t\t\t<h2 class=\"elementor-heading-title elementor-size-default\">Kontakta oss<\/h2>\t\t\t\t<\/div>\n\t\t\t\t<\/div>\n\t\t\t\t<div class=\"elementor-element elementor-element-db4aefd elementor-button-align-start elementor-widget elementor-widget-form\" data-id=\"db4aefd\" data-element_type=\"widget\" data-e-type=\"widget\" data-settings=\"{&quot;button_width&quot;:&quot;50&quot;,&quot;step_next_label&quot;:&quot;N\\u00e4sta&quot;,&quot;step_previous_label&quot;:&quot;F\\u00f6reg\\u00e5ende&quot;,&quot;step_type&quot;:&quot;number_text&quot;,&quot;step_icon_shape&quot;:&quot;circle&quot;}\" data-widget_type=\"form.default\">\n\t\t\t\t<div class=\"elementor-widget-container\">\n\t\t\t\t\t\t\t<form class=\"elementor-form\" method=\"post\" name=\"Nytt formul\u00e4r\" aria-label=\"Nytt formul\u00e4r\">\n\t\t\t<input type=\"hidden\" name=\"post_id\" value=\"136\"\/>\n\t\t\t<input type=\"hidden\" name=\"form_id\" value=\"db4aefd\"\/>\n\t\t\t<input type=\"hidden\" name=\"referer_title\" value=\"Kontakt - Arboga Milj\u00f6transport AB\" \/>\n\n\t\t\t\t\t\t\t<input type=\"hidden\" name=\"queried_id\" value=\"136\"\/>\n\t\t\t\n\t\t\t<div class=\"elementor-form-fields-wrapper elementor-labels-above\">\n\t\t\t\t\t\t\t\t<div class=\"elementor-field-type-text elementor-field-group elementor-column elementor-field-group-name elementor-col-100\">\n\t\t\t\t\t\t\t\t\t\t\t\t<label for=\"form-field-name\" class=\"elementor-field-label\">\n\t\t\t\t\t\t\t\tNamn\t\t\t\t\t\t\t<\/label>\n\t\t\t\t\t\t\t\t\t\t\t\t\t\t<input size=\"1\" type=\"text\" name=\"form_fields[name]\" id=\"form-field-name\" class=\"elementor-field elementor-size-sm  elementor-field-textual\" placeholder=\"Namn\">\n\t\t\t\t\t\t\t\t\t\t\t<\/div>\n\t\t\t\t\t\t\t\t<div class=\"elementor-field-type-email elementor-field-group elementor-column elementor-field-group-email elementor-col-100 elementor-field-required\">\n\t\t\t\t\t\t\t\t\t\t\t\t<label for=\"form-field-email\" class=\"elementor-field-label\">\n\t\t\t\t\t\t\t\tE-post\t\t\t\t\t\t\t<\/label>\n\t\t\t\t\t\t\t\t\t\t\t\t\t\t<input size=\"1\" type=\"email\" name=\"form_fields[email]\" id=\"form-field-email\" class=\"elementor-field elementor-size-sm  elementor-field-textual\" placeholder=\"E-post\" required=\"required\">\n\t\t\t\t\t\t\t\t\t\t\t<\/div>\n\t\t\t\t\t\t\t\t<div class=\"elementor-field-type-textarea elementor-field-group elementor-column elementor-field-group-message elementor-col-100\">\n\t\t\t\t\t\t\t\t\t\t\t\t<label for=\"form-field-message\" class=\"elementor-field-label\">\n\t\t\t\t\t\t\t\tMeddelande\t\t\t\t\t\t\t<\/label>\n\t\t\t\t\t\t<textarea class=\"elementor-field-textual elementor-field  elementor-size-sm\" name=\"form_fields[message]\" id=\"form-field-message\" rows=\"4\" placeholder=\"Meddelande\"><\/textarea>\t\t\t\t<\/div>\n\t\t\t\t\t\t\t\t<div class=\"elementor-field-group elementor-column elementor-field-type-submit elementor-col-50 e-form__buttons\">\n\t\t\t\t\t<button class=\"elementor-button elementor-size-sm\" type=\"submit\">\n\t\t\t\t\t\t<span class=\"elementor-button-content-wrapper\">\n\t\t\t\t\t\t\t\t\t\t\t\t\t\t\t\t\t\t\t\t\t\t<span class=\"elementor-button-text\">Skicka<\/span>\n\t\t\t\t\t\t\t\t\t\t\t\t\t<\/span>\n\t\t\t\t\t<\/button>\n\t\t\t\t<\/div>\n\t\t\t<\/div>\n\t\t<\/form>\n\t\t\t\t\t\t<\/div>\n\t\t\t\t<\/div>\n\t\t\t\t\t<\/div>\n\t\t<\/div>\n\t\t\t\t\t<\/div>\n\t\t<\/section>\n\t\t\t\t<\/div>\n\t\t","protected":false},"excerpt":{"rendered":"<p>Kontaktuppgifter Telefon: 0589-166 90E-mail: info@amtransport.seFax: 0589-166 91 Postadress Arboga Milj\u00f6transportBox 73732 33 Arboga Bes\u00f6ksadress Arboga Milj\u00f6transportTegelvretsv\u00e4gen 11Arboga F\u00f6retagsuppgifter Org nr: 5562965342Innehar F-skattebevis Kontakta oss<\/p>\n","protected":false},"author":1,"featured_media":0,"parent":0,"menu_order":0,"comment_status":"closed","ping_status":"closed","template":"","meta":{"footnotes":""},"class_list":["post-136","page","type-page","status-publish","hentry"],"yoast_head":"<!-- This site is optimized with the Yoast SEO plugin v27.4 - https:\/\/yoast.com\/product\/yoast-seo-wordpress\/ -->\n<title>Kontakt - Arboga Milj\u00f6transport AB<\/title>\n<meta name=\"robots\" content=\"index, follow, max-snippet:-1, max-image-preview:large, max-video-preview:-1\" \/>\n<link rel=\"canonical\" href=\"https:\/\/amtransport.se\/?page_id=136\" \/>\n<meta property=\"og:locale\" content=\"sv_SE\" \/>\n<meta property=\"og:type\" content=\"article\" \/>\n<meta property=\"og:title\" content=\"Kontakt - Arboga Milj\u00f6transport AB\" \/>\n<meta property=\"og:description\" content=\"Kontaktuppgifter Telefon: 0589-166 90E-mail: info@amtransport.seFax: 0589-166 91 Postadress Arboga Milj\u00f6transportBox 73732 33 Arboga Bes\u00f6ksadress Arboga Milj\u00f6transportTegelvretsv\u00e4gen 11Arboga F\u00f6retagsuppgifter Org nr: 5562965342Innehar F-skattebevis Kontakta oss\" \/>\n<meta property=\"og:url\" content=\"https:\/\/amtransport.se\/?page_id=136\" \/>\n<meta property=\"og:site_name\" content=\"Arboga Milj\u00f6transport AB\" \/>\n<meta property=\"article:modified_time\" content=\"2024-03-11T19:46:21+00:00\" \/>\n<meta name=\"twitter:card\" content=\"summary_large_image\" \/>\n<meta name=\"twitter:label1\" content=\"Ber\u00e4knad l\u00e4stid\" \/>\n\t<meta name=\"twitter:data1\" content=\"1 minut\" \/>\n<script type=\"application\/ld+json\" class=\"yoast-schema-graph\">{\"@context\":\"https:\\\/\\\/schema.org\",\"@graph\":[{\"@type\":\"WebPage\",\"@id\":\"https:\\\/\\\/amtransport.se\\\/?page_id=136\",\"url\":\"https:\\\/\\\/amtransport.se\\\/?page_id=136\",\"name\":\"Kontakt - Arboga Milj\u00f6transport AB\",\"isPartOf\":{\"@id\":\"https:\\\/\\\/amtransport.se\\\/#website\"},\"datePublished\":\"2023-09-12T22:34:56+00:00\",\"dateModified\":\"2024-03-11T19:46:21+00:00\",\"breadcrumb\":{\"@id\":\"https:\\\/\\\/amtransport.se\\\/?page_id=136#breadcrumb\"},\"inLanguage\":\"sv-SE\",\"potentialAction\":[{\"@type\":\"ReadAction\",\"target\":[\"https:\\\/\\\/amtransport.se\\\/?page_id=136\"]}]},{\"@type\":\"BreadcrumbList\",\"@id\":\"https:\\\/\\\/amtransport.se\\\/?page_id=136#breadcrumb\",\"itemListElement\":[{\"@type\":\"ListItem\",\"position\":1,\"name\":\"Hem\",\"item\":\"https:\\\/\\\/amtransport.se\\\/\"},{\"@type\":\"ListItem\",\"position\":2,\"name\":\"Kontakt\"}]},{\"@type\":\"WebSite\",\"@id\":\"https:\\\/\\\/amtransport.se\\\/#website\",\"url\":\"https:\\\/\\\/amtransport.se\\\/\",\"name\":\"Arboga Milj\u00f6transport AB\",\"description\":\"\",\"publisher\":{\"@id\":\"https:\\\/\\\/amtransport.se\\\/#organization\"},\"potentialAction\":[{\"@type\":\"SearchAction\",\"target\":{\"@type\":\"EntryPoint\",\"urlTemplate\":\"https:\\\/\\\/amtransport.se\\\/?s={search_term_string}\"},\"query-input\":{\"@type\":\"PropertyValueSpecification\",\"valueRequired\":true,\"valueName\":\"search_term_string\"}}],\"inLanguage\":\"sv-SE\"},{\"@type\":\"Organization\",\"@id\":\"https:\\\/\\\/amtransport.se\\\/#organization\",\"name\":\"Arboga Milj\u00f6transport AB\",\"url\":\"https:\\\/\\\/amtransport.se\\\/\",\"logo\":{\"@type\":\"ImageObject\",\"inLanguage\":\"sv-SE\",\"@id\":\"https:\\\/\\\/amtransport.se\\\/#\\\/schema\\\/logo\\\/image\\\/\",\"url\":\"https:\\\/\\\/amtransport.se\\\/wp-content\\\/uploads\\\/2023\\\/09\\\/amtransport_logo.png\",\"contentUrl\":\"https:\\\/\\\/amtransport.se\\\/wp-content\\\/uploads\\\/2023\\\/09\\\/amtransport_logo.png\",\"width\":220,\"height\":97,\"caption\":\"Arboga Milj\u00f6transport AB\"},\"image\":{\"@id\":\"https:\\\/\\\/amtransport.se\\\/#\\\/schema\\\/logo\\\/image\\\/\"}}]}<\/script>\n<!-- \/ Yoast SEO plugin. -->","yoast_head_json":{"title":"Kontakt - Arboga Milj\u00f6transport AB","robots":{"index":"index","follow":"follow","max-snippet":"max-snippet:-1","max-image-preview":"max-image-preview:large","max-video-preview":"max-video-preview:-1"},"canonical":"https:\/\/amtransport.se\/?page_id=136","og_locale":"sv_SE","og_type":"article","og_title":"Kontakt - Arboga Milj\u00f6transport AB","og_description":"Kontaktuppgifter Telefon: 0589-166 90E-mail: info@amtransport.seFax: 0589-166 91 Postadress Arboga Milj\u00f6transportBox 73732 33 Arboga Bes\u00f6ksadress Arboga Milj\u00f6transportTegelvretsv\u00e4gen 11Arboga F\u00f6retagsuppgifter Org nr: 5562965342Innehar F-skattebevis Kontakta oss","og_url":"https:\/\/amtransport.se\/?page_id=136","og_site_name":"Arboga Milj\u00f6transport AB","article_modified_time":"2024-03-11T19:46:21+00:00","twitter_card":"summary_large_image","twitter_misc":{"Ber\u00e4knad l\u00e4stid":"1 minut"},"schema":{"@context":"https:\/\/schema.org","@graph":[{"@type":"WebPage","@id":"https:\/\/amtransport.se\/?page_id=136","url":"https:\/\/amtransport.se\/?page_id=136","name":"Kontakt - Arboga Milj\u00f6transport AB","isPartOf":{"@id":"https:\/\/amtransport.se\/#website"},"datePublished":"2023-09-12T22:34:56+00:00","dateModified":"2024-03-11T19:46:21+00:00","breadcrumb":{"@id":"https:\/\/amtransport.se\/?page_id=136#breadcrumb"},"inLanguage":"sv-SE","potentialAction":[{"@type":"ReadAction","target":["https:\/\/amtransport.se\/?page_id=136"]}]},{"@type":"BreadcrumbList","@id":"https:\/\/amtransport.se\/?page_id=136#breadcrumb","itemListElement":[{"@type":"ListItem","position":1,"name":"Hem","item":"https:\/\/amtransport.se\/"},{"@type":"ListItem","position":2,"name":"Kontakt"}]},{"@type":"WebSite","@id":"https:\/\/amtransport.se\/#website","url":"https:\/\/amtransport.se\/","name":"Arboga Milj\u00f6transport AB","description":"","publisher":{"@id":"https:\/\/amtransport.se\/#organization"},"potentialAction":[{"@type":"SearchAction","target":{"@type":"EntryPoint","urlTemplate":"https:\/\/amtransport.se\/?s={search_term_string}"},"query-input":{"@type":"PropertyValueSpecification","valueRequired":true,"valueName":"search_term_string"}}],"inLanguage":"sv-SE"},{"@type":"Organization","@id":"https:\/\/amtransport.se\/#organization","name":"Arboga Milj\u00f6transport AB","url":"https:\/\/amtransport.se\/","logo":{"@type":"ImageObject","inLanguage":"sv-SE","@id":"https:\/\/amtransport.se\/#\/schema\/logo\/image\/","url":"https:\/\/amtransport.se\/wp-content\/uploads\/2023\/09\/amtransport_logo.png","contentUrl":"https:\/\/amtransport.se\/wp-content\/uploads\/2023\/09\/amtransport_logo.png","width":220,"height":97,"caption":"Arboga Milj\u00f6transport AB"},"image":{"@id":"https:\/\/amtransport.se\/#\/schema\/logo\/image\/"}}]}},"_links":{"self":[{"href":"https:\/\/amtransport.se\/index.php?rest_route=\/wp\/v2\/pages\/136","targetHints":{"allow":["GET"]}}],"collection":[{"href":"https:\/\/amtransport.se\/index.php?rest_route=\/wp\/v2\/pages"}],"about":[{"href":"https:\/\/amtransport.se\/index.php?rest_route=\/wp\/v2\/types\/page"}],"author":[{"embeddable":true,"href":"https:\/\/amtransport.se\/index.php?rest_route=\/wp\/v2\/users\/1"}],"replies":[{"embeddable":true,"href":"https:\/\/amtransport.se\/index.php?rest_route=%2Fwp%2Fv2%2Fcomments&post=136"}],"version-history":[{"count":19,"href":"https:\/\/amtransport.se\/index.php?rest_route=\/wp\/v2\/pages\/136\/revisions"}],"predecessor-version":[{"id":442,"href":"https:\/\/amtransport.se\/index.php?rest_route=\/wp\/v2\/pages\/136\/revisions\/442"}],"wp:attachment":[{"href":"https:\/\/amtransport.se\/index.php?rest_route=%2Fwp%2Fv2%2Fmedia&parent=136"}],"curies":[{"name":"wp","href":"https:\/\/api.w.org\/{rel}","templated":true}]}}